{"id":30,"date":"2015-11-19T10:56:56","date_gmt":"2015-11-19T10:56:56","guid":{"rendered":"http:\/\/www.operacaophp.uff.br\/wordpress\/?page_id=30"},"modified":"2022-08-24T14:43:12","modified_gmt":"2022-08-24T14:43:12","slug":"contato","status":"publish","type":"page","link":"http:\/\/icm.sites.uff.br\/?page_id=30","title":{"rendered":"Contato"},"content":{"rendered":"<div style=\"text-align: left\"><strong><span style=\"font-size: medium\">Dire\u00e7\u00e3o do Instituto<\/span><\/strong><\/div>\n<div style=\"text-align: left\"><span style=\"font-size: medium\">E-mail:\u00a0<a href=\"mailto:contato@icm.uff.br\" target=\"_blank\" rel=\"noopener noreferrer\">icm@id.uff.br<\/a><\/span><\/div>\n<div><\/div>\n<div style=\"height: 20px\"><strong><span style=\"font-size: medium\">Departamento de Administra\u00e7\u00e3o<\/span><\/strong><\/div>\n<div style=\"text-align: left\">\n<div style=\"text-align: left\"><span style=\"font-size: medium\">E-mail: <a href=\"mailto:admcontabmacae@vm.uff.br\" target=\"_blank\" rel=\"noopener noreferrer\">mdm@icm.uff.br<\/a><\/span><\/div>\n<div><\/div>\n<\/div>\n<div style=\"text-align: left\">\n<div style=\"text-align: left\"><strong><span style=\"font-size: medium\">Departamento de Contabilidade<\/span><\/strong><span style=\"font-size: medium\"><br \/>\nE-mail:\u00a0<a href=\"mailto:mcc@vm.uff.br\" target=\"_blank\" rel=\"noopener noreferrer\">mct.icm@id.uff.br<\/a><\/span><\/div>\n<div><\/div>\n<\/div>\n<div style=\"text-align: left\">\n<div style=\"text-align: left\"><strong><span style=\"font-size: medium\">Departamento de Direito<\/span><\/strong><span style=\"font-size: medium\"><br \/>\nE-mail:\u00a0<a href=\"mailto:mcd@vm.uff.br\" target=\"_blank\" rel=\"noopener noreferrer\">mdi.icm@id.uff.br<\/a><\/span><\/div>\n<div><\/div>\n<\/div>\n<div><strong><span style=\"font-size: medium\">Coordena\u00e7\u00e3o do Curso de Administra\u00e7\u00e3o<\/span><\/strong><\/div>\n<div style=\"text-align: left\">\n<div style=\"text-align: left\"><span style=\"font-size: medium\"><span style=\"font-size: medium\">E-mail: <a href=\"mailto:mad.icm@id.uff.br\" target=\"_blank\" rel=\"noopener noreferrer\">mad.icm@id.uff.br<\/a><\/span><\/span><\/div>\n<div><\/div>\n<\/div>\n<div style=\"text-align: left\"><strong><span style=\"font-size: medium\">Coordena\u00e7\u00e3o do Curso de Ci\u00eancias Cont\u00e1beis<\/span><\/strong><br \/>\n<span style=\"font-size: medium\"><span style=\"font-size: medium\">E-mail: <a href=\"mailto:mcc.icm@id.uff.br\" target=\"_blank\" rel=\"noopener noreferrer\">mcc.icm@id.uff.br<\/a><\/span><\/span><\/div>\n<div><\/div>\n<div style=\"text-align: left\"><strong><span style=\"font-size: medium\">Coordena\u00e7\u00e3o do Curso de Direito<\/span><\/strong><br \/>\n<span style=\"font-size: medium\"><span style=\"font-size: medium\">E-mail: <a href=\"mailto:mcd.icm@id.uff.br\">mcd.icm@id.uff.br<\/a><\/span><\/span><\/div>\n<div><\/div>\n<div style=\"text-align: left\"><strong><span style=\"font-size: medium\">Centro de Assist\u00eancia Jur\u00eddica (CAJUFF)<\/span><\/strong><span style=\"font-size: medium\"><br \/>\n<span style=\"font-size: medium\">E-mail: <a href=\"mailto:cajuffmacae@gmail.com\">cajuffmacae@gmail.com<\/a><\/span><\/span><\/div>\n<div><\/div>\n<div style=\"text-align: left\"><strong><span style=\"font-size: medium\">N\u00facleo de Apoio Fiscal e Cont\u00e1bil (NAF)<\/span><\/strong><br \/>\n<span style=\"font-size: medium\">E-mail:\u00a0<a href=\"mailto:cajuffmacae@yahoo.com.br\" target=\"_blank\" rel=\"noopener noreferrer\">naf.macae@gmail.com<\/a><\/span><\/div>\n","protected":false},"excerpt":{"rendered":"<p>Dire\u00e7\u00e3o do Instituto E-mail:\u00a0icm@id.uff.br Departamento de Administra\u00e7\u00e3o E-mail: mdm@icm.uff.br Departamento de Contabilidade E-mail:\u00a0mct.icm@id.uff.br Departamento de Direito E-mail:\u00a0mdi.icm@id.uff.br Coordena\u00e7\u00e3o do Curso de Administra\u00e7\u00e3o E-mail: mad.icm@id.uff.br Coordena\u00e7\u00e3o do Curso de Ci\u00eancias Cont\u00e1beis E-mail: mcc.icm@id.uff.br Coordena\u00e7\u00e3o do Curso de Direito E-mail: mcd.icm@id.uff.br Centro de Assist\u00eancia Jur\u00eddica (CAJUFF) E-mail: cajuffmacae@gmail.com N\u00facleo de Apoio Fiscal e Cont\u00e1bil (NAF) E-mail:\u00a0naf.macae@gmail.com<\/p>\n","protected":false},"author":1,"featured_media":0,"parent":0,"menu_order":0,"comment_status":"closed","ping_status":"closed","template":"","meta":{"_exactmetrics_skip_tracking":false,"_exactmetrics_sitenote_active":false,"_exactmetrics_sitenote_note":"","_exactmetrics_sitenote_category":0,"footnotes":""},"categories":[],"tags":[],"class_list":["post-30","page","type-page","status-publish","hentry"],"_links":{"self":[{"href":"http:\/\/icm.sites.uff.br\/index.php?rest_route=\/wp\/v2\/pages\/30","targetHints":{"allow":["GET"]}}],"collection":[{"href":"http:\/\/icm.sites.uff.br\/index.php?rest_route=\/wp\/v2\/pages"}],"about":[{"href":"http:\/\/icm.sites.uff.br\/index.php?rest_route=\/wp\/v2\/types\/page"}],"author":[{"embeddable":true,"href":"http:\/\/icm.sites.uff.br\/index.php?rest_route=\/wp\/v2\/users\/1"}],"replies":[{"embeddable":true,"href":"http:\/\/icm.sites.uff.br\/index.php?rest_route=%2Fwp%2Fv2%2Fcomments&post=30"}],"version-history":[{"count":34,"href":"http:\/\/icm.sites.uff.br\/index.php?rest_route=\/wp\/v2\/pages\/30\/revisions"}],"predecessor-version":[{"id":2934,"href":"http:\/\/icm.sites.uff.br\/index.php?rest_route=\/wp\/v2\/pages\/30\/revisions\/2934"}],"wp:attachment":[{"href":"http:\/\/icm.sites.uff.br\/index.php?rest_route=%2Fwp%2Fv2%2Fmedia&parent=30"}],"wp:term":[{"taxonomy":"category","embeddable":true,"href":"http:\/\/icm.sites.uff.br\/index.php?rest_route=%2Fwp%2Fv2%2Fcategories&post=30"},{"taxonomy":"post_tag","embeddable":true,"href":"http:\/\/icm.sites.uff.br\/index.php?rest_route=%2Fwp%2Fv2%2Ftags&post=30"}],"curies":[{"name":"wp","href":"https:\/\/api.w.org\/{rel}","templated":true}]}}