{"id":287,"date":"2016-05-15T18:41:56","date_gmt":"2016-05-15T18:41:56","guid":{"rendered":"http:\/\/icm.sites.uff.br\/?page_id=287"},"modified":"2023-05-24T17:40:19","modified_gmt":"2023-05-24T17:40:19","slug":"direito","status":"publish","type":"page","link":"http:\/\/icm.sites.uff.br\/?page_id=287","title":{"rendered":"Direito"},"content":{"rendered":"<div style=\"height: 10px\"><\/div>\n<p><strong><span style=\"font-size: medium\">Objetivos do Curso<\/span><\/strong><\/p>\n<div style=\"height: 03px\"><\/div>\n<p><span style=\"font-size: medium\">Formar bachar\u00e9is em Direito capazes de saberem utilizar os conhecimentos do universo do Direito, da legisla\u00e7\u00e3o e das normas afins, relacionando-os e aplicando-os \u00e0 realidade; de avaliarem, adequadamente, as situa\u00e7\u00f5es provenientes da multiplicidade dos conflitos entre o fato e a norma, atrav\u00e9s da viv\u00eancia do fen\u00f4meno jur\u00eddico, por meio da simula\u00e7\u00e3o e de casos concretos; de demonstrarem senso cr\u00edtico e habilidade intelectual, como resultado da seq\u00fc\u00eancia, continuidade e regularidade no processo de aprendizagem e da integra\u00e7\u00e3o das experi\u00eancias oferecidas pelo Curso.<\/span><\/p>\n<p><span style=\"font-size: medium\">O curso n\u00e3o forma especialistas; ao contr\u00e1rio, possibilita um conhecimento necess\u00e1rio e essencial a todo o campo do Direito. As especializa\u00e7\u00f5es &#8211; e a variedade no campo do Direito \u00e9 muito ampla &#8211; s\u00f3 se verificam depois do bacharelado, com os cursos de especializa\u00e7\u00e3o e extens\u00e3o.<\/span><\/p>\n<p><span style=\"font-size: medium\">O acad\u00eamico de Direito poder\u00e1 valorizar seu Curso, participando de atividades de pesquisa e extens\u00e3o que variam de dura\u00e7\u00e3o. \u00c9 importante que o estudante, desde cedo, inicie um relacionamento com escrit\u00f3rios e freq\u00fcente o F\u00f3rum para conhecer as exterioridades da profiss\u00e3o e os mecanismos utilizados na luta pela justi\u00e7a. Para a forma\u00e7\u00e3o do Bacharel em Direito \u00e9 necess\u00e1rio muito estudo, dedica\u00e7\u00e3o, talento e sensibilidade; o estudo deve ser orientado, met\u00f3dico e permanente; boa express\u00e3o, tanto oral como escrita, \u00e9 fundamental. A Faculdade conta com um \u00f3rg\u00e3o muito importante para o aprendizado pr\u00e1tico: o CAJUFF, Centro de Assist\u00eancia Jur\u00eddica da Universidade Federal Fluminense, que presta assist\u00eancia \u00e0 comunidade com supervis\u00e3o de advogados profissionais.<\/span><\/p>\n<p><strong><span style=\"font-size: medium\">Titula\u00e7\u00e3o<\/span><\/strong><br \/>\n<span style=\"font-size: medium\">Bacharel em Direito<\/span><\/p>\n<p><strong><span style=\"font-size: medium\">Dura\u00e7\u00e3o<\/span><\/strong><br \/>\n<span style=\"font-size: medium\">M\u00ednima de 10 e m\u00e1xima de 15 semestres<\/span><\/p>\n<p><strong><span style=\"font-size: medium\">Mercado de Trabalho<\/span><\/strong><br \/>\n<span style=\"font-size: medium\">Minist\u00e9rio P\u00fablico; magistratura; pol\u00edcia; empresas privadas em geral; ind\u00fastrias em geral; \u00f3rg\u00e3os p\u00fablicos, ligados ou n\u00e3o ao Poder Judici\u00e1rio; penitenci\u00e1rias; escrit\u00f3rios particulares; institui\u00e7\u00f5es de ensino e assessorias em associa\u00e7\u00f5es populares.<\/span><\/p>\n<p><strong><span style=\"font-size: medium\">Site do Departamento de Direito de Maca\u00e9<br \/>\n<\/span><\/strong><span style=\"font-size: medium\"><em>Link de acesso:\u00a0<\/em><\/span><a href=\"http:\/\/departamentodireitomacae.sites.uff.br\/\"><span style=\"font-size: medium\"> http:\/\/departamentodireitomacae.sites.uff.br\/<\/span><\/a><\/p>\n<p><strong><span style=\"font-size: medium\">Site da Coordena\u00e7\u00e3o de Direito de Maca\u00e9<br \/>\n<\/span><\/strong><span style=\"font-size: medium\"><em>Link de acesso:<\/em> <a href=\"http:\/\/direitomacae.sites.uff.br\/\">http:\/\/direitomacae.sites.uff.br\/<\/a><\/span><\/p>\n<p><strong><span style=\"font-size: medium\">Site da P\u00f3s-Gradua\u00e7\u00e3o Lato Sensu Resid\u00eancia Jur\u00eddica em Resolu\u00e7\u00e3o de Conflitos<br \/>\n<\/span><\/strong><span style=\"font-size: medium\"><em>Link de acesso:<\/em> <a href=\"http:\/\/posresidenciajuridica.uff.br\/\">http:\/\/posresidenciajuridica.uff.br\/<\/a><\/span><\/p>\n<p><strong><span style=\"font-size: medium\">Site da P\u00f3s-Gradua\u00e7\u00e3o Lato Sensu em Novos Direitos e sua Interface nas Rela\u00e7\u00f5es p\u00fablico-privadas (EaD)<br \/>\n<\/span><\/strong><span style=\"font-size: medium\"><em>Link de acesso:<\/em> <a href=\"https:\/\/poseadnovosdireitos.uff.br\/\">https:\/\/poseadnovosdireitos.uff.br\/<\/a><\/span><\/p>\n","protected":false},"excerpt":{"rendered":"<p>Objetivos do Curso Formar bachar\u00e9is em Direito capazes de saberem utilizar os conhecimentos do universo do Direito, da legisla\u00e7\u00e3o e das normas afins, relacionando-os e aplicando-os \u00e0 realidade; de avaliarem, adequadamente, as situa\u00e7\u00f5es provenientes da multiplicidade dos conflitos entre o fato e a norma, atrav\u00e9s da viv\u00eancia do fen\u00f4meno jur\u00eddico, por meio da simula\u00e7\u00e3o e [&hellip;]<\/p>\n","protected":false},"author":19,"featured_media":0,"parent":0,"menu_order":0,"comment_status":"closed","ping_status":"closed","template":"","meta":{"_exactmetrics_skip_tracking":false,"_exactmetrics_sitenote_active":false,"_exactmetrics_sitenote_note":"","_exactmetrics_sitenote_category":0,"footnotes":""},"categories":[],"tags":[],"class_list":["post-287","page","type-page","status-publish","hentry"],"_links":{"self":[{"href":"http:\/\/icm.sites.uff.br\/index.php?rest_route=\/wp\/v2\/pages\/287","targetHints":{"allow":["GET"]}}],"collection":[{"href":"http:\/\/icm.sites.uff.br\/index.php?rest_route=\/wp\/v2\/pages"}],"about":[{"href":"http:\/\/icm.sites.uff.br\/index.php?rest_route=\/wp\/v2\/types\/page"}],"author":[{"embeddable":true,"href":"http:\/\/icm.sites.uff.br\/index.php?rest_route=\/wp\/v2\/users\/19"}],"replies":[{"embeddable":true,"href":"http:\/\/icm.sites.uff.br\/index.php?rest_route=%2Fwp%2Fv2%2Fcomments&post=287"}],"version-history":[{"count":17,"href":"http:\/\/icm.sites.uff.br\/index.php?rest_route=\/wp\/v2\/pages\/287\/revisions"}],"predecessor-version":[{"id":3168,"href":"http:\/\/icm.sites.uff.br\/index.php?rest_route=\/wp\/v2\/pages\/287\/revisions\/3168"}],"wp:attachment":[{"href":"http:\/\/icm.sites.uff.br\/index.php?rest_route=%2Fwp%2Fv2%2Fmedia&parent=287"}],"wp:term":[{"taxonomy":"category","embeddable":true,"href":"http:\/\/icm.sites.uff.br\/index.php?rest_route=%2Fwp%2Fv2%2Fcategories&post=287"},{"taxonomy":"post_tag","embeddable":true,"href":"http:\/\/icm.sites.uff.br\/index.php?rest_route=%2Fwp%2Fv2%2Ftags&post=287"}],"curies":[{"name":"wp","href":"https:\/\/api.w.org\/{rel}","templated":true}]}}