{"id":2145,"date":"2020-06-22T12:15:54","date_gmt":"2020-06-22T12:15:54","guid":{"rendered":"http:\/\/icm.sites.uff.br\/?page_id=2145"},"modified":"2020-06-24T14:53:39","modified_gmt":"2020-06-24T14:53:39","slug":"naf","status":"publish","type":"page","link":"http:\/\/icm.sites.uff.br\/?page_id=2145","title":{"rendered":"N\u00facleo de Apoio Cont\u00e1bil e Fiscal (NAF)"},"content":{"rendered":"\n<p class=\"has-normal-font-size\">A Universidade Federal Fluminense de Maca\u00e9, o Instituto de Ci\u00eancias da Sociedade de Maca\u00e9 \u2013 ICM, a Receita Federal do Brasil de Maca\u00e9 e a Secretaria Municipal Adjunta de Ensino Superior de Maca\u00e9 conjugam esfor\u00e7os m\u00fatuos com orienta\u00e7\u00f5es tribut\u00e1rias aos cidad\u00e3os macaenses e microempreendedores de munic\u00edpios vizinhos atrav\u00e9s do N\u00facleo de Apoio Cont\u00e1bil e Fiscal (NAF), projeto de extens\u00e3o coordenado pelo Prof. D\u00e1rio Bezerra de Andrade. <\/p>\n\n\n\n<p class=\"has-normal-font-size\">Os servi\u00e7os prestados a comunidade alcan\u00e7am contribuintes hipossuficientes com orienta\u00e7\u00f5es tribut\u00e1rias, preenchimento anual das Declara\u00e7\u00f5es:&nbsp;<\/p>\n\n\n\n<ul class=\"has-normal-font-size\"><li><strong>DIRPF<\/strong> &#8211; Imposto de Renda da Pessoa F\u00edsica;<\/li><li><strong>ITR<\/strong> &#8211; Declara\u00e7\u00e3o do Imposto sobre a Propriedade Territorial Rural;<\/li><li><strong>MEI<\/strong> &#8211; Micro Empreendedores Individuais. <\/li><\/ul>\n\n\n\n<p class=\"has-normal-font-size\">Os atendimentos s\u00e3o realizados pelos discentes e supervisionados pela equipe de professores do curso de Ci\u00eancias Cont\u00e1beis da UFF de Maca\u00e9.<\/p>\n\n\n\n<p class=\"has-normal-font-size\">Os atendimentos podem ser agendados por e-mail:\u00a0<a href=\"mailto:naf.macae@gmail.com\">naf.macae@gmail.com<\/a>\u00a0ou WhatsApp: (21) 98688 9000, no hor\u00e1rio das 14h \u00e0s 18h, de segunda \u00e0 sexta-feira.<\/p>\n","protected":false},"excerpt":{"rendered":"<p>A Universidade Federal Fluminense de Maca\u00e9, o Instituto de Ci\u00eancias da Sociedade de Maca\u00e9 \u2013 ICM, a Receita Federal do Brasil de Maca\u00e9 e a Secretaria Municipal Adjunta de Ensino Superior de Maca\u00e9 conjugam esfor\u00e7os m\u00fatuos com orienta\u00e7\u00f5es tribut\u00e1rias aos cidad\u00e3os macaenses e microempreendedores de munic\u00edpios vizinhos atrav\u00e9s do N\u00facleo de Apoio Cont\u00e1bil e Fiscal [&hellip;]<\/p>\n","protected":false},"author":19,"featured_media":0,"parent":0,"menu_order":0,"comment_status":"closed","ping_status":"closed","template":"","meta":{"_exactmetrics_skip_tracking":false,"_exactmetrics_sitenote_active":false,"_exactmetrics_sitenote_note":"","_exactmetrics_sitenote_category":0,"footnotes":""},"categories":[],"tags":[],"class_list":["post-2145","page","type-page","status-publish","hentry"],"_links":{"self":[{"href":"http:\/\/icm.sites.uff.br\/index.php?rest_route=\/wp\/v2\/pages\/2145","targetHints":{"allow":["GET"]}}],"collection":[{"href":"http:\/\/icm.sites.uff.br\/index.php?rest_route=\/wp\/v2\/pages"}],"about":[{"href":"http:\/\/icm.sites.uff.br\/index.php?rest_route=\/wp\/v2\/types\/page"}],"author":[{"embeddable":true,"href":"http:\/\/icm.sites.uff.br\/index.php?rest_route=\/wp\/v2\/users\/19"}],"replies":[{"embeddable":true,"href":"http:\/\/icm.sites.uff.br\/index.php?rest_route=%2Fwp%2Fv2%2Fcomments&post=2145"}],"version-history":[{"count":6,"href":"http:\/\/icm.sites.uff.br\/index.php?rest_route=\/wp\/v2\/pages\/2145\/revisions"}],"predecessor-version":[{"id":2163,"href":"http:\/\/icm.sites.uff.br\/index.php?rest_route=\/wp\/v2\/pages\/2145\/revisions\/2163"}],"wp:attachment":[{"href":"http:\/\/icm.sites.uff.br\/index.php?rest_route=%2Fwp%2Fv2%2Fmedia&parent=2145"}],"wp:term":[{"taxonomy":"category","embeddable":true,"href":"http:\/\/icm.sites.uff.br\/index.php?rest_route=%2Fwp%2Fv2%2Fcategories&post=2145"},{"taxonomy":"post_tag","embeddable":true,"href":"http:\/\/icm.sites.uff.br\/index.php?rest_route=%2Fwp%2Fv2%2Ftags&post=2145"}],"curies":[{"name":"wp","href":"https:\/\/api.w.org\/{rel}","templated":true}]}}