{"id":2,"date":"2016-05-02T18:55:04","date_gmt":"2016-05-02T18:55:04","guid":{"rendered":"http:\/\/icm.sites.uff.br\/?page_id=2"},"modified":"2025-04-03T17:55:09","modified_gmt":"2025-04-03T17:55:09","slug":"pagina-exemplo","status":"publish","type":"page","link":"http:\/\/icm.sites.uff.br\/?page_id=2","title":{"rendered":"Secretaria Administrativa"},"content":{"rendered":"\n<p class=\"has-normal-font-size\">Endere\u00e7o eletr\u00f4nico da secretaria administrativa <a rel=\"noreferrer noopener\" href=\"mailto:icm@id.uff.br\" target=\"_blank\">icm@id.uff.br<\/a><\/p>\n\n\n\n<p class=\"has-normal-font-size\"><strong>Dire\u00e7\u00e3o<\/strong><\/p>\n\n\n\n<div class=\"wp-block-group\"><div class=\"wp-block-group__inner-container is-layout-flow wp-block-group-is-layout-flow\">\n<ul class=\"has-normal-font-size wp-block-list\"><li>Carina Ba\u00eda de Santana (<a href=\"mailto:carinabs@id.uff.br\">carinabs@id.uff.br<\/a>)<\/li><li>Cora Carolina Ferreira Veloso&nbsp;(<a rel=\"noreferrer noopener\" href=\"mailto:coraveloso@id.uff.br\" target=\"_blank\">coraveloso@id.uff.br<\/a>)<\/li><li>Lucas Lins (<a rel=\"noreferrer noopener\" href=\"mailto:lclins@id.uff.br\" target=\"_blank\">lclins@id.uff.br<\/a>)<\/li><li>M\u00e1rcio Wainer (<a rel=\"noreferrer noopener\" href=\"mailto:marciowainer@id.uff.br\" target=\"_blank\">marciowainer@id.uff.br<\/a>)<\/li><li>Michelle Teixeira da Silva (<a rel=\"noreferrer noopener\" href=\"mailto:michelle_teixeira@id.uff.br\" target=\"_blank\">michelle_teixeira@id.uff.br<\/a>)<\/li><li>Vinn\u00edcius de Matos Hip\u00f3lito (<a rel=\"noreferrer noopener\" href=\"mailto:vinniciushipolito@id.uff.br\" target=\"_blank\">vinniciushipolito@id.uff.br<\/a>)<\/li><\/ul>\n<\/div><\/div>\n\n\n\n<p class=\"has-normal-font-size\"><strong>Departamentos<\/strong><\/p>\n\n\n\n<ul class=\"has-normal-font-size wp-block-list\"><li><strong>Departamento de Administra\u00e7\u00e3o<\/strong> <ul><li>Cintia Santos Magalh\u00e3es (<a rel=\"noreferrer noopener\" href=\"mailto:cintiamagalhaes@id.uff.br\" target=\"_blank\">cintiamagalhaes@id.uff.br<\/a>)<\/li><\/ul><\/li><\/ul>\n\n\n\n<ul class=\"has-normal-font-size wp-block-list\"><li><strong>Departamento de Ci\u00eancias Cont\u00e1beis<\/strong> <ul><li>Nilma Moraes (<a rel=\"noreferrer noopener\" href=\"mailto:nf_moraes@id.uff.br\" target=\"_blank\">nf_moraes@id.uff.br<\/a>)<\/li><\/ul><\/li><\/ul>\n\n\n\n<ul class=\"wp-block-list\"><li><strong>Departamento de Direito<\/strong> <ul><li>Alcione Antunes Pereira Costa&nbsp;(<a rel=\"noreferrer noopener\" href=\"mailto:alcionecosta@id.uff.br\" target=\"_blank\">alcionecosta@id.uff.br<\/a>)<\/li><\/ul><\/li><\/ul>\n\n\n\n<p class=\"has-normal-font-size\"><strong>Coordena\u00e7\u00e3o de Cursos<\/strong><\/p>\n\n\n\n<ul class=\"has-normal-font-size wp-block-list\"><li><strong>Cursos de P\u00f3s-gradua\u00e7\u00e3o<\/strong> <ul><li>Jorge Vicente (<a href=\"mailto:jorgel@id.uff.br\">jorgel@id.uff.br<\/a>)<\/li><\/ul><\/li><\/ul>\n\n\n\n<ul class=\"has-normal-font-size wp-block-list\"><li><strong>Cursos de Gradua\u00e7\u00e3o<\/strong> <ul><li>Jhony Oliveira&nbsp;(<a rel=\"noreferrer noopener\" href=\"mailto:jhonysantos@id.uff.br\" target=\"_blank\">jhonysantos@id.uff.br<\/a>)<\/li><li>Larissa Azevedo (<a rel=\"noreferrer noopener\" href=\"mailto:larissapaes@id.uff.br\" target=\"_blank\">larissapaes@id.uff.br<\/a>)<\/li><li>Maicon Martins Anchieta&nbsp;(<a rel=\"noreferrer noopener\" href=\"mailto:maicon_anchieta@id.uff.br\" target=\"_blank\">maicon_anchieta@id.uff.br<\/a>)<\/li><li>Polliana de Freitas O. Guimar\u00e3es (<a rel=\"noreferrer noopener\" href=\"mailto:pfogpereira@id.uff.br\" target=\"_blank\">pfogpereira@id.uff.br<\/a>)<\/li><li>Priscila Peretti (<a rel=\"noreferrer noopener\" href=\"mailto:priscilaperetti@id.uff.br\" target=\"_blank\">priscilaperetti@id.uff.br<\/a>)<\/li><li>Wallace de Carvalho Lopes Rosa&nbsp;(<a rel=\"noreferrer noopener\" href=\"mailto:wallacelopes@id.uff.br\" target=\"_blank\">wallacelopes@id.uff.br<\/a>)<\/li><\/ul><\/li><\/ul>\n\n\n\n<p class=\"has-normal-font-size\"><strong>Setor de per\u00edcia <\/strong>(<a href=\"mailto:dpsmacae.casq.progepe@id.uff.br\">dpsmacae.casq.progepe@id.uff.br<\/a>)<\/p>\n\n\n\n<ul class=\"has-normal-font-size wp-block-list\"><li>Luciara Leir\u00f3s dos Santos Lima Vasconcelos&nbsp;(<a rel=\"noreferrer noopener\" href=\"mailto:lleiros@id.uff.br\" target=\"_blank\">lleiros@id.uff.br)<\/a><\/li><li>Fernando Henrique Silva de Souza (<a href=\"mailto:f_souza@id.uff.br\">f_souza@id.uff.br<\/a>)<\/li><\/ul>\n\n\n\n<p><\/p>\n","protected":false},"excerpt":{"rendered":"<p>Endere\u00e7o eletr\u00f4nico da secretaria administrativa icm@id.uff.br Dire\u00e7\u00e3o Carina Ba\u00eda de Santana (carinabs@id.uff.br) Cora Carolina Ferreira Veloso&nbsp;(coraveloso@id.uff.br) Lucas Lins (lclins@id.uff.br) M\u00e1rcio Wainer (marciowainer@id.uff.br) Michelle Teixeira da Silva (michelle_teixeira@id.uff.br) Vinn\u00edcius de Matos Hip\u00f3lito (vinniciushipolito@id.uff.br) Departamentos Departamento de Administra\u00e7\u00e3o Cintia Santos Magalh\u00e3es (cintiamagalhaes@id.uff.br) Departamento de Ci\u00eancias Cont\u00e1beis Nilma Moraes (nf_moraes@id.uff.br) Departamento de Direito Alcione Antunes Pereira Costa&nbsp;(alcionecosta@id.uff.br) Coordena\u00e7\u00e3o [&hellip;]<\/p>\n","protected":false},"author":19,"featured_media":0,"parent":0,"menu_order":0,"comment_status":"closed","ping_status":"open","template":"","meta":{"_exactmetrics_skip_tracking":false,"_exactmetrics_sitenote_active":false,"_exactmetrics_sitenote_note":"","_exactmetrics_sitenote_category":0,"footnotes":""},"categories":[],"tags":[],"class_list":["post-2","page","type-page","status-publish","hentry"],"_links":{"self":[{"href":"http:\/\/icm.sites.uff.br\/index.php?rest_route=\/wp\/v2\/pages\/2","targetHints":{"allow":["GET"]}}],"collection":[{"href":"http:\/\/icm.sites.uff.br\/index.php?rest_route=\/wp\/v2\/pages"}],"about":[{"href":"http:\/\/icm.sites.uff.br\/index.php?rest_route=\/wp\/v2\/types\/page"}],"author":[{"embeddable":true,"href":"http:\/\/icm.sites.uff.br\/index.php?rest_route=\/wp\/v2\/users\/19"}],"replies":[{"embeddable":true,"href":"http:\/\/icm.sites.uff.br\/index.php?rest_route=%2Fwp%2Fv2%2Fcomments&post=2"}],"version-history":[{"count":13,"href":"http:\/\/icm.sites.uff.br\/index.php?rest_route=\/wp\/v2\/pages\/2\/revisions"}],"predecessor-version":[{"id":3730,"href":"http:\/\/icm.sites.uff.br\/index.php?rest_route=\/wp\/v2\/pages\/2\/revisions\/3730"}],"wp:attachment":[{"href":"http:\/\/icm.sites.uff.br\/index.php?rest_route=%2Fwp%2Fv2%2Fmedia&parent=2"}],"wp:term":[{"taxonomy":"category","embeddable":true,"href":"http:\/\/icm.sites.uff.br\/index.php?rest_route=%2Fwp%2Fv2%2Fcategories&post=2"},{"taxonomy":"post_tag","embeddable":true,"href":"http:\/\/icm.sites.uff.br\/index.php?rest_route=%2Fwp%2Fv2%2Ftags&post=2"}],"curies":[{"name":"wp","href":"https:\/\/api.w.org\/{rel}","templated":true}]}}